{"id":309,"date":"2020-01-13T11:17:52","date_gmt":"2020-01-13T11:17:52","guid":{"rendered":"https:\/\/demosites.io\/web-agency-gb\/?page_id=5"},"modified":"2025-09-30T12:04:30","modified_gmt":"2025-09-30T10:04:30","slug":"15c42-web-agency-gb-home","status":"publish","type":"page","link":"https:\/\/reneadam.com\/","title":{"rendered":"Home"},"content":{"rendered":"\n<div class=\"wp-block-cover alignfull is-light\" style=\"min-height:700px;aspect-ratio:unset;\"><img loading=\"lazy\" decoding=\"async\" width=\"1366\" height=\"768\" class=\"wp-block-cover__image-background wp-image-109\" alt=\"\" src=\"https:\/\/reneadam.com\/wp-content\/uploads\/2020\/07\/web-design-studio-01.jpg.jpg\" style=\"object-position:50% 64%\" data-object-fit=\"cover\" data-object-position=\"50% 64%\" srcset=\"https:\/\/reneadam.com\/wp-content\/uploads\/2020\/07\/web-design-studio-01.jpg.jpg 1366w, https:\/\/reneadam.com\/wp-content\/uploads\/2020\/07\/web-design-studio-01.jpg-300x169.jpg 300w\" sizes=\"auto, (max-width: 1366px) 100vw, 1366px\" \/><span aria-hidden=\"true\" class=\"wp-block-cover__background has-background-dim-0 has-background-dim\"><\/span><div class=\"wp-block-cover__inner-container is-layout-flow wp-block-cover-is-layout-flow\">\n<div style=\"height:80px\" aria-hidden=\"true\" class=\"wp-block-spacer\"><\/div>\n\n\n\n<h1 class=\"wp-block-heading has-text-align-center has-text-color\" style=\"color:#121212\">Software Quality at it&#8217;s best!<\/h1>\n\n\n\n<p class=\"has-text-align-center has-text-color\" style=\"color:#121212\">Ich bin ihr Ansprechpartner f\u00fcr alles rund um Qualit\u00e4tssicherung in der Softwareentwicklung<\/p>\n\n\n\n<div class=\"wp-block-buttons is-horizontal is-content-justification-center is-layout-flex wp-container-core-buttons-is-layout-499968f5 wp-block-buttons-is-layout-flex\">\n<div class=\"wp-block-button is-style-primary\"><a class=\"wp-block-button__link wp-element-button\" href=\"#learn-more\">LEARN MORE<\/a><\/div>\n\n\n\n<div class=\"wp-block-button is-style-secondary\"><a class=\"wp-block-button__link wp-element-button\" href=\"mailto:mail@reneadam.com\">CONTACT ME<\/a><\/div>\n<\/div>\n\n\n\n<div style=\"height:30px\" aria-hidden=\"true\" class=\"wp-block-spacer\"><\/div>\n\n\n\n<div style=\"text-align: center;\"><a href=\"https:\/\/www.freelancermap.de\/profil\/rene-adam\" target=\"_blank\" title=\"Profil von Ren\u00e9 Adam auf www.freelancermap.de\">\n            <img decoding=\"async\" loading=\"lazy\" style=\"width: 236px; height: 48px; align-items: center;\" src=\"https:\/\/www.freelancermap.de\/assets\/logo\/logo-black.svg\" alt=\"Freelancermap Badge\"\/>\n        <\/a><\/div>\n\n\n\n<div style=\"height:80px\" aria-hidden=\"true\" class=\"wp-block-spacer\"><\/div>\n\n\n\n<div style=\"height:80px\" aria-hidden=\"true\" class=\"wp-block-spacer\"><\/div>\n<\/div><\/div>\n\n\n\n<div style=\"height:80px\" aria-hidden=\"true\" id=\"learn-more\" class=\"wp-block-spacer\"><\/div>\n\n\n\n<div class=\"wp-block-columns is-layout-flex wp-container-core-columns-is-layout-9d6595d7 wp-block-columns-is-layout-flex\">\n<div class=\"wp-block-column is-layout-flow wp-block-column-is-layout-flow\"><div class=\"wp-block-image icon-style is-style-rounded\">\n<figure class=\"aligncenter size-large\"><img loading=\"lazy\" decoding=\"async\" width=\"72\" height=\"72\" src=\"https:\/\/reneadam.com\/wp-content\/uploads\/2020\/01\/neve-webdesign-GB-03.png\" alt=\"\" class=\"wp-image-20\" title=\"\"\/><\/figure>\n<\/div>\n\n\n<div style=\"height:20px\" aria-hidden=\"true\" class=\"wp-block-spacer\"><\/div>\n\n\n\n<h3 class=\"wp-block-heading has-text-align-center has-neve-text-color-color has-text-color\">Qualit\u00e4t ohne Kompromisse<\/h3>\n\n\n\n<p class=\"has-text-align-center\">Ich sorge f\u00fcr h\u00f6chste Standards durch pr\u00e4zise Teststrategien, strukturierte Reviews und kontinuierliche Qualit\u00e4tskontrollen w\u00e4hrend des gesamten Entwicklungsprozesses.<\/p>\n\n\n\n<div style=\"height:20px\" aria-hidden=\"true\" class=\"wp-block-spacer\"><\/div>\n<\/div>\n\n\n\n<div class=\"wp-block-column is-layout-flow wp-block-column-is-layout-flow\"><div class=\"wp-block-image icon-style is-style-rounded\">\n<figure class=\"aligncenter size-large\"><img loading=\"lazy\" decoding=\"async\" width=\"72\" height=\"72\" src=\"https:\/\/reneadam.com\/wp-content\/uploads\/2020\/01\/neve-webdesign-GB-04.png\" alt=\"\" class=\"wp-image-21\"\/><\/figure>\n<\/div>\n\n\n<div style=\"height:20px\" aria-hidden=\"true\" class=\"wp-block-spacer\"><\/div>\n\n\n\n<h3 class=\"wp-block-heading has-text-align-center has-neve-text-color-color has-text-color\">Flexible Testl\u00f6sungen<\/h3>\n\n\n\n<p class=\"has-text-align-center\">Ich passe Testprozesse individuell an Projektanforderungen an \u2013 von agilen Teams bis zu klassischen V-Modellen, effizient und zielgerichtet.<\/p>\n\n\n\n<div style=\"height:20px\" aria-hidden=\"true\" class=\"wp-block-spacer\"><\/div>\n<\/div>\n\n\n\n<div class=\"wp-block-column is-layout-flow wp-block-column-is-layout-flow\"><div class=\"wp-block-image icon-style is-style-rounded\">\n<figure class=\"aligncenter size-large\"><img loading=\"lazy\" decoding=\"async\" width=\"72\" height=\"72\" src=\"https:\/\/reneadam.com\/wp-content\/uploads\/2020\/01\/neve-webdesign-GB-01.png\" alt=\"\" class=\"wp-image-18\"\/><\/figure>\n<\/div>\n\n\n<div style=\"height:20px\" aria-hidden=\"true\" class=\"wp-block-spacer\"><\/div>\n\n\n\n<h3 class=\"wp-block-heading has-text-align-center has-neve-text-color-color has-text-color\">Risiken fr\u00fch erkennen<\/h3>\n\n\n\n<p class=\"has-text-align-center\">Ich nutze Risikoanalysen, Fehlertrendanalyse und systematische Tests zur fr\u00fchzeitigen Fehlererkennung und nachhaltigen Reduzierung von Projektrisiken.<\/p>\n\n\n\n<div style=\"height:20px\" aria-hidden=\"true\" class=\"wp-block-spacer\"><\/div>\n<\/div>\n<\/div>\n\n\n\n<div style=\"height:80px\" aria-hidden=\"true\" class=\"wp-block-spacer\"><\/div>\n\n\n\n<div class=\"wp-block-cover alignfull\" style=\"min-height:600px;aspect-ratio:unset;\"><span aria-hidden=\"true\" class=\"wp-block-cover__background has-nv-light-bg-background-color has-background-dim-100 has-background-dim\"><\/span><div class=\"wp-block-cover__inner-container is-layout-flow wp-block-cover-is-layout-flow\">\n<div class=\"wp-block-group\"><div class=\"wp-block-group__inner-container is-layout-flow wp-block-group-is-layout-flow\">\n<div style=\"height:80px\" aria-hidden=\"true\" class=\"wp-block-spacer\"><\/div>\n\n\n\n<div class=\"wp-block-columns are-vertically-aligned-center is-layout-flex wp-container-core-columns-is-layout-9d6595d7 wp-block-columns-is-layout-flex\">\n<div class=\"wp-block-column is-vertically-aligned-center is-layout-flow wp-block-column-is-layout-flow\" style=\"flex-basis:50%\">\n<figure class=\"wp-block-image size-large\"><img loading=\"lazy\" decoding=\"async\" width=\"1024\" height=\"683\" src=\"https:\/\/reneadam.com\/wp-content\/uploads\/2025\/09\/grafik-1024x683.png\" alt=\"\" class=\"wp-image-369\" srcset=\"https:\/\/reneadam.com\/wp-content\/uploads\/2025\/09\/grafik-1024x683.png 1024w, https:\/\/reneadam.com\/wp-content\/uploads\/2025\/09\/grafik-300x200.png 300w, https:\/\/reneadam.com\/wp-content\/uploads\/2025\/09\/grafik-768x512.png 768w, https:\/\/reneadam.com\/wp-content\/uploads\/2025\/09\/grafik-930x620.png 930w, https:\/\/reneadam.com\/wp-content\/uploads\/2025\/09\/grafik.png 1536w\" sizes=\"auto, (max-width: 1024px) 100vw, 1024px\" \/><\/figure>\n<\/div>\n\n\n\n<div class=\"wp-block-column is-vertically-aligned-center is-layout-flow wp-block-column-is-layout-flow\" style=\"flex-basis:50%\">\n<div style=\"height:20px\" aria-hidden=\"true\" class=\"wp-block-spacer\"><\/div>\n\n\n\n<h2 class=\"wp-block-heading has-text-align-left has-neve-text-color-color has-text-color\">Testmanagement<\/h2>\n\n\n\n<p class=\"has-text-align-left has-neve-text-color-color has-text-color\" style=\"font-size:17px\">Sichern Sie die Qualit\u00e4t Ihres Produkts durch strukturierte Teststrategien, klare Testpl\u00e4ne und eine ganzheitliche Koordination aller QA-Prozesse.<br>Wir steuern Risiken, Zeitpl\u00e4ne und Qualit\u00e4t \u2013 f\u00fcr ein zuverl\u00e4ssiges und marktreifes Ergebnis.<\/p>\n<\/div>\n<\/div>\n\n\n\n<div style=\"height:40px\" aria-hidden=\"true\" class=\"wp-block-spacer\"><\/div>\n<\/div><\/div>\n<\/div><\/div>\n\n\n\n<div class=\"wp-block-cover alignfull\" style=\"min-height:600px;aspect-ratio:unset;\"><span aria-hidden=\"true\" class=\"wp-block-cover__background has-nv-site-bg-background-color has-background-dim-100 has-background-dim\"><\/span><div class=\"wp-block-cover__inner-container is-layout-flow wp-block-cover-is-layout-flow\">\n<div class=\"wp-block-group\"><div class=\"wp-block-group__inner-container is-layout-flow wp-block-group-is-layout-flow\">\n<div style=\"height:80px\" aria-hidden=\"true\" class=\"wp-block-spacer\"><\/div>\n\n\n\n<div class=\"wp-block-columns are-vertically-aligned-center is-layout-flex wp-container-core-columns-is-layout-9d6595d7 wp-block-columns-is-layout-flex\">\n<div class=\"wp-block-column is-vertically-aligned-center is-layout-flow wp-block-column-is-layout-flow\" style=\"flex-basis:50%\">\n<h2 class=\"wp-block-heading has-text-align-left has-neve-text-color-color has-text-color\">Testautomatisierung<\/h2>\n\n\n\n<p class=\"has-text-align-left has-neve-text-color-color has-text-color\" style=\"font-size:17px\">Automatisieren Sie Ihre Tests mit Playwright, Cypress und integrierten CI\/CD-Pipelines f\u00fcr schnelle und zuverl\u00e4ssige Ergebnisse. Wir sorgen f\u00fcr Qualit\u00e4tssicherung in jeder Phase der Entwicklung.<\/p>\n\n\n\n<div style=\"height:40px\" aria-hidden=\"true\" class=\"wp-block-spacer\"><\/div>\n<\/div>\n\n\n\n<div class=\"wp-block-column is-vertically-aligned-center is-layout-flow wp-block-column-is-layout-flow\" style=\"flex-basis:50%\">\n<figure class=\"wp-block-image size-large\"><img loading=\"lazy\" decoding=\"async\" width=\"1024\" height=\"683\" src=\"https:\/\/reneadam.com\/wp-content\/uploads\/2025\/09\/WhatsApp-Image-2025-09-08-at-08.52.42-1024x683.jpeg\" alt=\"\" class=\"wp-image-374\" srcset=\"https:\/\/reneadam.com\/wp-content\/uploads\/2025\/09\/WhatsApp-Image-2025-09-08-at-08.52.42-1024x683.jpeg 1024w, https:\/\/reneadam.com\/wp-content\/uploads\/2025\/09\/WhatsApp-Image-2025-09-08-at-08.52.42-300x200.jpeg 300w, https:\/\/reneadam.com\/wp-content\/uploads\/2025\/09\/WhatsApp-Image-2025-09-08-at-08.52.42-768x512.jpeg 768w, https:\/\/reneadam.com\/wp-content\/uploads\/2025\/09\/WhatsApp-Image-2025-09-08-at-08.52.42-930x620.jpeg 930w, https:\/\/reneadam.com\/wp-content\/uploads\/2025\/09\/WhatsApp-Image-2025-09-08-at-08.52.42.jpeg 1536w\" sizes=\"auto, (max-width: 1024px) 100vw, 1024px\" \/><\/figure>\n<\/div>\n<\/div>\n\n\n\n<div style=\"height:40px\" aria-hidden=\"true\" class=\"wp-block-spacer\"><\/div>\n<\/div><\/div>\n<\/div><\/div>\n\n\n\n<div class=\"wp-block-cover alignfull\" style=\"min-height:300px;aspect-ratio:unset;\"><span aria-hidden=\"true\" class=\"wp-block-cover__background has-nv-dark-bg-background-color has-background-dim-100 has-background-dim\"><\/span><div class=\"wp-block-cover__inner-container is-layout-flow wp-block-cover-is-layout-flow\">\n<div style=\"height:140px\" aria-hidden=\"true\" class=\"wp-block-spacer\"><\/div>\n\n\n\n<h2 class=\"wp-block-heading has-text-align-center has-nv-text-dark-bg-color has-text-color\">Ich freue mich auf Ihre Anfrage!<\/h2>\n\n\n\n<p class=\"has-text-align-center\">Every project is a journey, and we are here to guide you every step of the way.<\/p>\n\n\n\n<div class=\"wp-block-buttons is-horizontal is-content-justification-center is-layout-flex wp-container-core-buttons-is-layout-499968f5 wp-block-buttons-is-layout-flex\">\n<div class=\"wp-block-button is-style-primary\"><a class=\"wp-block-button__link wp-element-button\" href=\"mailto:mail@reneadam.com\">CONTACT ME<\/a><\/div>\n<\/div>\n\n\n\n<div style=\"height:40px\" aria-hidden=\"true\" class=\"wp-block-spacer\"><\/div>\n<\/div><\/div>\n","protected":false},"excerpt":{"rendered":"<p>Qualit\u00e4t ohne Kompromisse Ich sorge f\u00fcr h\u00f6chste Standards durch pr\u00e4zise Teststrategien, strukturierte Reviews und kontinuierliche Qualit\u00e4tskontrollen w\u00e4hrend des gesamten Entwicklungsprozesses. Flexible Testl\u00f6sungen Ich passe Testprozesse individuell an Projektanforderungen an \u2013 von agilen Teams bis zu klassischen V-Modellen, effizient und zielgerichtet. Risiken fr\u00fch erkennen Ich nutze Risikoanalysen, Fehlertrendanalyse und systematische Tests zur fr\u00fchzeitigen Fehlererkennung und nachhaltigen&hellip;&nbsp;<a href=\"https:\/\/reneadam.com\/\" rel=\"bookmark\"><span class=\"screen-reader-text\">Home<\/span><\/a><\/p>\n","protected":false},"author":1,"featured_media":0,"parent":0,"menu_order":0,"comment_status":"closed","ping_status":"closed","template":"","meta":{"neve_meta_sidebar":"default","neve_meta_container":"default","neve_meta_enable_content_width":"on","neve_meta_content_width":100,"neve_meta_title_alignment":"","neve_meta_author_avatar":"","neve_post_elements_order":"","neve_meta_disable_header":"","neve_meta_disable_footer":"","neve_meta_disable_title":"on","footnotes":""},"class_list":["post-309","page","type-page","status-publish","hentry"],"_links":{"self":[{"href":"https:\/\/reneadam.com\/index.php?rest_route=\/wp\/v2\/pages\/309","targetHints":{"allow":["GET"]}}],"collection":[{"href":"https:\/\/reneadam.com\/index.php?rest_route=\/wp\/v2\/pages"}],"about":[{"href":"https:\/\/reneadam.com\/index.php?rest_route=\/wp\/v2\/types\/page"}],"author":[{"embeddable":true,"href":"https:\/\/reneadam.com\/index.php?rest_route=\/wp\/v2\/users\/1"}],"replies":[{"embeddable":true,"href":"https:\/\/reneadam.com\/index.php?rest_route=%2Fwp%2Fv2%2Fcomments&post=309"}],"version-history":[{"count":15,"href":"https:\/\/reneadam.com\/index.php?rest_route=\/wp\/v2\/pages\/309\/revisions"}],"predecessor-version":[{"id":397,"href":"https:\/\/reneadam.com\/index.php?rest_route=\/wp\/v2\/pages\/309\/revisions\/397"}],"wp:attachment":[{"href":"https:\/\/reneadam.com\/index.php?rest_route=%2Fwp%2Fv2%2Fmedia&parent=309"}],"curies":[{"name":"wp","href":"https:\/\/api.w.org\/{rel}","templated":true}]}}